{"id":2289,"date":"2020-07-03T17:07:15","date_gmt":"2020-07-03T17:07:15","guid":{"rendered":"https:\/\/diraj.org\/appartenance\/"},"modified":"2020-07-03T17:07:15","modified_gmt":"2020-07-03T17:07:15","slug":"appartenance","status":"publish","type":"page","link":"https:\/\/diraj.org\/fr\/appartenance\/","title":{"rendered":"Appartenance"},"content":{"rendered":"<p>[vc_row][vc_column offset=\u00a0\u00bbvc_col-md-offset-1 vc_col-md-10&Prime; css=\u00a0\u00bb.vc_custom_1586183005181{padding-top: 47px !important;padding-bottom: 47px !important;}\u00a0\u00bb][vc_column_text]<\/p>\n<h2>Nous serions ravis que vous nous rejoigniez!<\/h2>\n<p>[\/vc_column_text][\/vc_column][\/vc_row][vc_row css=\u00a0\u00bb.vc_custom_1586183481418{padding-bottom: 32px !important;}\u00a0\u00bb][vc_column width=\u00a0\u00bb1\/2&Prime; css=\u00a0\u00bb.vc_custom_1586183041538{margin-bottom: 32px !important;}\u00a0\u00bb offset=\u00a0\u00bbvc_col-md-offset-1 vc_col-md-5&Prime;]\r\n\t\t\t<div class=\"nm-feature layout-icon_left icon-style-simple bottom-spacing-none\"><div class=\"nm-feature-icon\"><i class=\"pe-7s-exapnd2\"><\/i><\/div>\r\n\t\t\t\t<div class=\"nm-feature-content\"><h2>Connecter et r\u00e9seauter<\/h2>\r\n\t\t\t\t\t<div class=\"wpb_text_column\"><p class=\"p1\">DIRAJ holds topical, regional and national workshops and networking <a href=\"https:\/\/diraj.org\/fr\/evenements\/\">events<\/a> for <a href=\"\/team\/\">members<\/a> to connect with leading journalists and communicators.<\/p>\n<\/div>\r\n\t\t\t\t<\/div>\r\n\t\t\t<\/div>[\/vc_column][vc_column width=\u00a0\u00bb1\/2&Prime; css=\u00a0\u00bb.vc_custom_1586183031629{margin-bottom: 32px !important;}\u00a0\u00bb offset=\u00a0\u00bbvc_col-md-offset-0 vc_col-md-5&Prime;]\r\n\t\t\t<div class=\"nm-feature layout-icon_left icon-style-simple bottom-spacing-none\"><div class=\"nm-feature-icon\"><i class=\"pe-7s-display1\"><\/i><\/div>\r\n\t\t\t\t<div class=\"nm-feature-content\"><h2>Rester inform\u00e9<\/h2>\r\n\t\t\t\t\t<div class=\"wpb_text_column\"><p class=\"p1\">Nous nous assurons que nos membres sont tenus au courant des nouvelles opportunit\u00e9s, \u00e9v\u00e9nements, nouvelles et d\u00e9veloppements li\u00e9s \u00e0 la r\u00e9duction des risques de catastrophe.<\/p>\n<\/div>\r\n\t\t\t\t<\/div>\r\n\t\t\t<\/div>[\/vc_column][\/vc_row][vc_row css=\u00a0\u00bb.vc_custom_1433253829272{padding-top: 47px !important;padding-bottom: 54px !important;}\u00a0\u00bb][vc_column width=\u00a0\u00bb1\/3&Prime; offset=\u00a0\u00bbvc_col-md-offset-1&Prime;][vc_column_text]<\/p>\n<h2>Inscrivez-vous aujourd&rsquo;hui!<\/h2>\n<p>[\/vc_column_text][vc_empty_space][\/vc_column][vc_column width=\u00a0\u00bb2\/3&Prime; offset=\u00a0\u00bbvc_col-md-6&Prime;]\n<div class=\"wpcf7 no-js\" id=\"wpcf7-f983-o1\" lang=\"en-US\" dir=\"ltr\" data-wpcf7-id=\"983\">\n<div class=\"screen-reader-response\"><p role=\"status\" aria-live=\"polite\" aria-atomic=\"true\"><\/p> <ul><\/ul><\/div>\n<form action=\"\/fr\/wp-json\/wp\/v2\/pages\/2289#wpcf7-f983-o1\" method=\"post\" class=\"wpcf7-form init\" aria-label=\"Contact form\" novalidate=\"novalidate\" data-status=\"init\">\n<fieldset class=\"hidden-fields-container\"><input type=\"hidden\" name=\"_wpcf7\" value=\"983\" \/><input type=\"hidden\" name=\"_wpcf7_version\" value=\"6.1.5\" \/><input type=\"hidden\" name=\"_wpcf7_locale\" value=\"en_US\" \/><input type=\"hidden\" name=\"_wpcf7_unit_tag\" value=\"wpcf7-f983-o1\" \/><input type=\"hidden\" name=\"_wpcf7_container_post\" value=\"0\" \/><input type=\"hidden\" name=\"_wpcf7_posted_data_hash\" value=\"\" \/>\n<\/fieldset>\n<p><label> Your Name (required)<br \/>\n<span class=\"wpcf7-form-control-wrap\" data-name=\"your-name\"><input size=\"40\" maxlength=\"400\" class=\"wpcf7-form-control wpcf7-text wpcf7-validates-as-required\" aria-required=\"true\" aria-invalid=\"false\" value=\"\" type=\"text\" name=\"your-name\" \/><\/span> <\/label>\n<\/p>\n<p><label> Your Email (required)<br \/>\n<span class=\"wpcf7-form-control-wrap\" data-name=\"your-email\"><input size=\"40\" maxlength=\"400\" class=\"wpcf7-form-control wpcf7-email wpcf7-validates-as-required wpcf7-text wpcf7-validates-as-email\" aria-required=\"true\" aria-invalid=\"false\" value=\"\" type=\"email\" name=\"your-email\" \/><\/span> <\/label>\n<\/p>\n<p><label> Subject<br \/>\n<span class=\"wpcf7-form-control-wrap\" data-name=\"your-subject\"><input size=\"40\" maxlength=\"400\" class=\"wpcf7-form-control wpcf7-text\" aria-invalid=\"false\" value=\"\" type=\"text\" name=\"your-subject\" \/><\/span> <\/label>\n<\/p>\n<p><label> Tell us a bit about yourself!<br \/>\n<span class=\"wpcf7-form-control-wrap\" data-name=\"your-message\"><textarea cols=\"40\" rows=\"10\" maxlength=\"2000\" class=\"wpcf7-form-control wpcf7-textarea\" aria-invalid=\"false\" name=\"your-message\"><\/textarea><\/span> <\/label>\n<\/p>\n<p><input class=\"wpcf7-form-control wpcf7-submit has-spinner\" type=\"submit\" value=\"Send\" \/>\n<\/p><div class=\"wpcf7-response-output\" aria-hidden=\"true\"><\/div>\n<\/form>\n<\/div>\n[\/vc_column][\/vc_row]<\/p>\n","protected":false},"excerpt":{"rendered":"<p>[vc_row][vc_column offset=\u00a0\u00bbvc_col-md-offset-1 vc_col-md-10&Prime; css=\u00a0\u00bb.vc_custom_1586183005181{padding-top: 47px !important;padding-bottom: 47px !important;}\u00a0\u00bb][vc_column_text] Nous serions ravis que vous nous rejoigniez! [\/vc_column_text][\/vc_column][\/vc_row][vc_row css=\u00a0\u00bb.vc_custom_1586183481418{padding-bottom: 32px !important;}\u00a0\u00bb][vc_column width=\u00a0\u00bb1\/2&Prime; css=\u00a0\u00bb.vc_custom_1586183041538{margin-bottom: 32px !important;}\u00a0\u00bb offset=\u00a0\u00bbvc_col-md-offset-1 vc_col-md-5&Prime;][\/vc_column][vc_column width=\u00a0\u00bb1\/2&Prime; css=\u00a0\u00bb.vc_custom_1586183031629{margin-bottom: 32px !important;}\u00a0\u00bb offset=\u00a0\u00bbvc_col-md-offset-0 vc_col-md-5&Prime;][\/vc_column][\/vc_row][vc_row css=\u00a0\u00bb.vc_custom_1433253829272{padding-top: 47px !important;padding-bottom: 54px !important;}\u00a0\u00bb][vc_column width=\u00a0\u00bb1\/3&Prime; offset=\u00a0\u00bbvc_col-md-offset-1&Prime;][vc_column_text] Inscrivez-vous aujourd&rsquo;hui! [\/vc_column_text][vc_empty_space][\/vc_column][vc_column width=\u00a0\u00bb2\/3&Prime; offset=\u00a0\u00bbvc_col-md-6&Prime;][\/vc_column][\/vc_row]<\/p>\n","protected":false},"author":2,"featured_media":0,"parent":0,"menu_order":0,"comment_status":"closed","ping_status":"closed","template":"","meta":{"_acf_changed":false,"footnotes":""},"class_list":["post-2289","page","type-page","status-publish","hentry"],"acf":[],"yoast_head":"<!-- This site is optimized with the Yoast SEO plugin v27.3 - https:\/\/yoast.com\/product\/yoast-seo-wordpress\/ -->\n<title>Appartenance - DIRAJ<\/title>\n<meta name=\"robots\" content=\"index, follow, max-snippet:-1, max-image-preview:large, max-video-preview:-1\" \/>\n<link rel=\"canonical\" href=\"https:\/\/diraj.org\/fr\/appartenance\/\" \/>\n<meta property=\"og:locale\" content=\"fr_FR\" \/>\n<meta property=\"og:type\" content=\"article\" \/>\n<meta property=\"og:title\" content=\"Appartenance - DIRAJ\" \/>\n<meta property=\"og:description\" content=\"[vc_row][vc_column offset=\u00a0\u00bbvc_col-md-offset-1 vc_col-md-10&Prime; css=\u00a0\u00bb.vc_custom_1586183005181{padding-top: 47px !important;padding-bottom: 47px !important;}\u00a0\u00bb][vc_column_text] Nous serions ravis que vous nous rejoigniez! [\/vc_column_text][\/vc_column][\/vc_row][vc_row css=\u00a0\u00bb.vc_custom_1586183481418{padding-bottom: 32px !important;}\u00a0\u00bb][vc_column width=\u00a0\u00bb1\/2&Prime; css=\u00a0\u00bb.vc_custom_1586183041538{margin-bottom: 32px !important;}\u00a0\u00bb offset=\u00a0\u00bbvc_col-md-offset-1 vc_col-md-5&Prime;][\/vc_column][vc_column width=\u00a0\u00bb1\/2&Prime; css=\u00a0\u00bb.vc_custom_1586183031629{margin-bottom: 32px !important;}\u00a0\u00bb offset=\u00a0\u00bbvc_col-md-offset-0 vc_col-md-5&Prime;][\/vc_column][\/vc_row][vc_row css=\u00a0\u00bb.vc_custom_1433253829272{padding-top: 47px !important;padding-bottom: 54px !important;}\u00a0\u00bb][vc_column width=\u00a0\u00bb1\/3&Prime; offset=\u00a0\u00bbvc_col-md-offset-1&Prime;][vc_column_text] Inscrivez-vous aujourd&rsquo;hui! [\/vc_column_text][vc_empty_space][\/vc_column][vc_column width=\u00a0\u00bb2\/3&Prime; offset=\u00a0\u00bbvc_col-md-6&Prime;][\/vc_column][\/vc_row]\" \/>\n<meta property=\"og:url\" content=\"https:\/\/diraj.org\/fr\/appartenance\/\" \/>\n<meta property=\"og:site_name\" content=\"DIRAJ\" \/>\n<meta name=\"twitter:card\" content=\"summary_large_image\" \/>\n<meta name=\"twitter:site\" content=\"@dirajafrica\" \/>\n<meta name=\"twitter:label1\" content=\"Dur\u00e9e de lecture estim\u00e9e\" \/>\n\t<meta name=\"twitter:data1\" content=\"1 minute\" \/>\n<script type=\"application\/ld+json\" class=\"yoast-schema-graph\">{\"@context\":\"https:\\\/\\\/schema.org\",\"@graph\":[{\"@type\":\"WebPage\",\"@id\":\"https:\\\/\\\/diraj.org\\\/fr\\\/appartenance\\\/\",\"url\":\"https:\\\/\\\/diraj.org\\\/fr\\\/appartenance\\\/\",\"name\":\"Appartenance - DIRAJ\",\"isPartOf\":{\"@id\":\"https:\\\/\\\/diraj.org\\\/fr\\\/#website\"},\"datePublished\":\"2020-07-03T17:07:15+00:00\",\"breadcrumb\":{\"@id\":\"https:\\\/\\\/diraj.org\\\/fr\\\/appartenance\\\/#breadcrumb\"},\"inLanguage\":\"fr-FR\",\"potentialAction\":[{\"@type\":\"ReadAction\",\"target\":[\"https:\\\/\\\/diraj.org\\\/fr\\\/appartenance\\\/\"]}]},{\"@type\":\"BreadcrumbList\",\"@id\":\"https:\\\/\\\/diraj.org\\\/fr\\\/appartenance\\\/#breadcrumb\",\"itemListElement\":[{\"@type\":\"ListItem\",\"position\":1,\"name\":\"Home\",\"item\":\"https:\\\/\\\/diraj.org\\\/fr\\\/\"},{\"@type\":\"ListItem\",\"position\":2,\"name\":\"Appartenance\"}]},{\"@type\":\"WebSite\",\"@id\":\"https:\\\/\\\/diraj.org\\\/fr\\\/#website\",\"url\":\"https:\\\/\\\/diraj.org\\\/fr\\\/\",\"name\":\"DIRAJ\",\"description\":\"R\u00e9seau de journalistes pour la r\u00e9duction des risques de catastrophes\",\"publisher\":{\"@id\":\"https:\\\/\\\/diraj.org\\\/fr\\\/#organization\"},\"potentialAction\":[{\"@type\":\"SearchAction\",\"target\":{\"@type\":\"EntryPoint\",\"urlTemplate\":\"https:\\\/\\\/diraj.org\\\/fr\\\/?s={search_term_string}\"},\"query-input\":{\"@type\":\"PropertyValueSpecification\",\"valueRequired\":true,\"valueName\":\"search_term_string\"}}],\"inLanguage\":\"fr-FR\"},{\"@type\":\"Organization\",\"@id\":\"https:\\\/\\\/diraj.org\\\/fr\\\/#organization\",\"name\":\"DIRAJ\",\"url\":\"https:\\\/\\\/diraj.org\\\/fr\\\/\",\"logo\":{\"@type\":\"ImageObject\",\"inLanguage\":\"fr-FR\",\"@id\":\"https:\\\/\\\/diraj.org\\\/fr\\\/#\\\/schema\\\/logo\\\/image\\\/\",\"url\":\"https:\\\/\\\/diraj.org\\\/wp-content\\\/uploads\\\/twitter-profile.png\",\"contentUrl\":\"https:\\\/\\\/diraj.org\\\/wp-content\\\/uploads\\\/twitter-profile.png\",\"width\":400,\"height\":400,\"caption\":\"DIRAJ\"},\"image\":{\"@id\":\"https:\\\/\\\/diraj.org\\\/fr\\\/#\\\/schema\\\/logo\\\/image\\\/\"},\"sameAs\":[\"https:\\\/\\\/x.com\\\/dirajafrica\"]}]}<\/script>\n<!-- \/ Yoast SEO plugin. -->","yoast_head_json":{"title":"Appartenance - DIRAJ","robots":{"index":"index","follow":"follow","max-snippet":"max-snippet:-1","max-image-preview":"max-image-preview:large","max-video-preview":"max-video-preview:-1"},"canonical":"https:\/\/diraj.org\/fr\/appartenance\/","og_locale":"fr_FR","og_type":"article","og_title":"Appartenance - DIRAJ","og_description":"[vc_row][vc_column offset=\u00a0\u00bbvc_col-md-offset-1 vc_col-md-10&Prime; css=\u00a0\u00bb.vc_custom_1586183005181{padding-top: 47px !important;padding-bottom: 47px !important;}\u00a0\u00bb][vc_column_text] Nous serions ravis que vous nous rejoigniez! [\/vc_column_text][\/vc_column][\/vc_row][vc_row css=\u00a0\u00bb.vc_custom_1586183481418{padding-bottom: 32px !important;}\u00a0\u00bb][vc_column width=\u00a0\u00bb1\/2&Prime; css=\u00a0\u00bb.vc_custom_1586183041538{margin-bottom: 32px !important;}\u00a0\u00bb offset=\u00a0\u00bbvc_col-md-offset-1 vc_col-md-5&Prime;][\/vc_column][vc_column width=\u00a0\u00bb1\/2&Prime; css=\u00a0\u00bb.vc_custom_1586183031629{margin-bottom: 32px !important;}\u00a0\u00bb offset=\u00a0\u00bbvc_col-md-offset-0 vc_col-md-5&Prime;][\/vc_column][\/vc_row][vc_row css=\u00a0\u00bb.vc_custom_1433253829272{padding-top: 47px !important;padding-bottom: 54px !important;}\u00a0\u00bb][vc_column width=\u00a0\u00bb1\/3&Prime; offset=\u00a0\u00bbvc_col-md-offset-1&Prime;][vc_column_text] Inscrivez-vous aujourd&rsquo;hui! [\/vc_column_text][vc_empty_space][\/vc_column][vc_column width=\u00a0\u00bb2\/3&Prime; offset=\u00a0\u00bbvc_col-md-6&Prime;][\/vc_column][\/vc_row]","og_url":"https:\/\/diraj.org\/fr\/appartenance\/","og_site_name":"DIRAJ","twitter_card":"summary_large_image","twitter_site":"@dirajafrica","twitter_misc":{"Dur\u00e9e de lecture estim\u00e9e":"1 minute"},"schema":{"@context":"https:\/\/schema.org","@graph":[{"@type":"WebPage","@id":"https:\/\/diraj.org\/fr\/appartenance\/","url":"https:\/\/diraj.org\/fr\/appartenance\/","name":"Appartenance - DIRAJ","isPartOf":{"@id":"https:\/\/diraj.org\/fr\/#website"},"datePublished":"2020-07-03T17:07:15+00:00","breadcrumb":{"@id":"https:\/\/diraj.org\/fr\/appartenance\/#breadcrumb"},"inLanguage":"fr-FR","potentialAction":[{"@type":"ReadAction","target":["https:\/\/diraj.org\/fr\/appartenance\/"]}]},{"@type":"BreadcrumbList","@id":"https:\/\/diraj.org\/fr\/appartenance\/#breadcrumb","itemListElement":[{"@type":"ListItem","position":1,"name":"Home","item":"https:\/\/diraj.org\/fr\/"},{"@type":"ListItem","position":2,"name":"Appartenance"}]},{"@type":"WebSite","@id":"https:\/\/diraj.org\/fr\/#website","url":"https:\/\/diraj.org\/fr\/","name":"DIRAJ","description":"R\u00e9seau de journalistes pour la r\u00e9duction des risques de catastrophes","publisher":{"@id":"https:\/\/diraj.org\/fr\/#organization"},"potentialAction":[{"@type":"SearchAction","target":{"@type":"EntryPoint","urlTemplate":"https:\/\/diraj.org\/fr\/?s={search_term_string}"},"query-input":{"@type":"PropertyValueSpecification","valueRequired":true,"valueName":"search_term_string"}}],"inLanguage":"fr-FR"},{"@type":"Organization","@id":"https:\/\/diraj.org\/fr\/#organization","name":"DIRAJ","url":"https:\/\/diraj.org\/fr\/","logo":{"@type":"ImageObject","inLanguage":"fr-FR","@id":"https:\/\/diraj.org\/fr\/#\/schema\/logo\/image\/","url":"https:\/\/diraj.org\/wp-content\/uploads\/twitter-profile.png","contentUrl":"https:\/\/diraj.org\/wp-content\/uploads\/twitter-profile.png","width":400,"height":400,"caption":"DIRAJ"},"image":{"@id":"https:\/\/diraj.org\/fr\/#\/schema\/logo\/image\/"},"sameAs":["https:\/\/x.com\/dirajafrica"]}]}},"_links":{"self":[{"href":"https:\/\/diraj.org\/fr\/wp-json\/wp\/v2\/pages\/2289","targetHints":{"allow":["GET"]}}],"collection":[{"href":"https:\/\/diraj.org\/fr\/wp-json\/wp\/v2\/pages"}],"about":[{"href":"https:\/\/diraj.org\/fr\/wp-json\/wp\/v2\/types\/page"}],"author":[{"embeddable":true,"href":"https:\/\/diraj.org\/fr\/wp-json\/wp\/v2\/users\/2"}],"replies":[{"embeddable":true,"href":"https:\/\/diraj.org\/fr\/wp-json\/wp\/v2\/comments?post=2289"}],"version-history":[{"count":2,"href":"https:\/\/diraj.org\/fr\/wp-json\/wp\/v2\/pages\/2289\/revisions"}],"predecessor-version":[{"id":2291,"href":"https:\/\/diraj.org\/fr\/wp-json\/wp\/v2\/pages\/2289\/revisions\/2291"}],"wp:attachment":[{"href":"https:\/\/diraj.org\/fr\/wp-json\/wp\/v2\/media?parent=2289"}],"curies":[{"name":"wp","href":"https:\/\/api.w.org\/{rel}","templated":true}]}}