{"id":2286,"date":"2020-07-03T17:02:46","date_gmt":"2020-07-03T17:02:46","guid":{"rendered":"https:\/\/diraj.org\/page-daccueil\/"},"modified":"2020-12-02T12:09:49","modified_gmt":"2020-12-02T12:09:49","slug":"page-daccueil","status":"publish","type":"page","link":"https:\/\/diraj.org\/fr\/","title":{"rendered":"Page d&rsquo;accueil"},"content":{"rendered":"<p>[vc_row type=\u00a0\u00bbboxed\u00a0\u00bb max_width=\u00a0\u00bb1600&Prime; css=\u00a0\u00bb.vc_custom_1585849745331{padding-right: 0px !important;padding-left: 0px !important;}\u00a0\u00bb][vc_column css=\u00a0\u00bb.vc_custom_1439335914871{padding-right: 0px !important;padding-left: 0px !important;}\u00a0\u00bb]<div class=\"nm-banner-slider plugin-slick pagination-color-gray slick-slider slick-dots-inside has-pagination pagination-mobile-outside pagination-left\" data-arrows=\"true\" data-dots=\"true\" >\r\n\t\t\t<div class=\"nm-banner content-boxed full-width-parent image-type-fluid has-alt-image text-color-dark subtitle-below alt-mobile-layout\" style=\"\"><img decoding=\"async\" src=\"https:\/\/diraj.org\/wp-content\/uploads\/banner-2007-senegal.jpg\" alt=\"banner-2007-senegal\" \/><img decoding=\"async\" src=\"https:\/\/diraj.org\/wp-content\/uploads\/bantab-2007-senegal.jpg\" class=\"nm-banner-alt-image img\" alt=\"bantab-2007-senegal\" \/>\r\n\t\t\t\t<div class=\"nm-banner-content\">\r\n\t\t\t\t\t<div class=\"nm-banner-content-inner h_left v_center align_left\">\r\n\t\t\t\t\t\t<div class=\"nm-banner-text medium\" style=\"max-width:50%; padding:0 0%;\">\r\n\t\t\t\t\t\t\t<div class=\"nm-banner-text-inner animated\" data-animate=\"fadeIn\"><h1 class=\"nm-banner-title\">La Grande Muraille Verte face \u00e0 l\u2019\u00e9quation de la d\u00e9sertification au S\u00e9n\u00e9gal<\/h1><h2 class=\"nm-banner-subtitle nm-alt-font\">La cr\u00e9ation d\u2019un mur d\u2019arbres traversant le d\u00e9sert africain d\u2019est en ouest, de Djibouti \u00e0 Dakar, constitue l\u2019une des plus grandes initiatives africaines.<\/h2><a href=\"https:\/\/diraj.org\/fr\/stories\/senegal\/\" class=\"nm-banner-link nm-banner-shop-link type-txt\">Lire la suite<\/a><\/div>\r\n\t\t\t\t\t\t<\/div>\r\n\t\t\t\t\t<\/div>\r\n\t\t\t\t<\/div>\r\n\t\t\t<\/div>\r\n\t\t\t<div class=\"nm-banner content-boxed full-width-parent image-type-fluid has-alt-image text-color-dark subtitle-below alt-mobile-layout\" style=\"\"><img decoding=\"async\" src=\"https:\/\/diraj.org\/wp-content\/uploads\/banner-2006-isaac.jpg\" alt=\"\" \/><img decoding=\"async\" src=\"https:\/\/diraj.org\/wp-content\/uploads\/bantab-2006-isaac.jpg\" class=\"nm-banner-alt-image img\" alt=\"\" \/>\r\n\t\t\t\t<div class=\"nm-banner-content\">\r\n\t\t\t\t\t<div class=\"nm-banner-content-inner h_left v_center align_left\">\r\n\t\t\t\t\t\t<div class=\"nm-banner-text medium\" style=\"max-width:50%; padding:0 0%;\">\r\n\t\t\t\t\t\t\t<div class=\"nm-banner-text-inner animated\" data-animate=\"fadeIn\"><h1 class=\"nm-banner-title\">Cycling through the Pandemic<\/h1><h2 class=\"nm-banner-subtitle nm-alt-font\">Meet a laid-off machine operator surviving thanks to his bicycle<\/h2><a href=\"https:\/\/diraj.org\/stories\/isaac\/\" class=\"nm-banner-link nm-banner-shop-link type-txt\">Read the story<\/a><\/div>\r\n\t\t\t\t\t\t<\/div>\r\n\t\t\t\t\t<\/div>\r\n\t\t\t\t<\/div>\r\n\t\t\t<\/div>\r\n\t\t\t<div class=\"nm-banner content-boxed full-width-parent image-type-fluid has-alt-image text-color-dark subtitle-below alt-mobile-layout\" style=\"\"><img decoding=\"async\" src=\"https:\/\/diraj.org\/wp-content\/uploads\/banner-2006-remit.jpg\" alt=\"\" \/><img decoding=\"async\" src=\"https:\/\/diraj.org\/wp-content\/uploads\/bantab-2006-remit.jpg\" class=\"nm-banner-alt-image img\" alt=\"\" \/>\r\n\t\t\t\t<div class=\"nm-banner-content\">\r\n\t\t\t\t\t<div class=\"nm-banner-content-inner h_left v_center align_left\">\r\n\t\t\t\t\t\t<div class=\"nm-banner-text medium\" style=\"max-width:50%; padding:0 0%;\">\r\n\t\t\t\t\t\t\t<div class=\"nm-banner-text-inner animated\" data-animate=\"fadeIn\"><h1 class=\"nm-banner-title\">Sending Hope Home<\/h1><h2 class=\"nm-banner-subtitle nm-alt-font\">Rethinking the possibilities of remittances<\/h2><a href=\"https:\/\/diraj.org\/stories\/remittances\/\" class=\"nm-banner-link nm-banner-shop-link type-txt\">Read the story<\/a><\/div>\r\n\t\t\t\t\t\t<\/div>\r\n\t\t\t\t\t<\/div>\r\n\t\t\t\t<\/div>\r\n\t\t\t<\/div>\r\n\t\t\t<div class=\"nm-banner content-boxed full-width-parent image-type-fluid has-alt-image text-color-dark subtitle-below alt-mobile-layout\" style=\"\"><img decoding=\"async\" src=\"https:\/\/diraj.org\/wp-content\/uploads\/banner-goats.jpg\" alt=\"\" \/><img decoding=\"async\" src=\"https:\/\/diraj.org\/wp-content\/uploads\/banner-tab-goats.jpg\" class=\"nm-banner-alt-image img\" alt=\"\" \/>\r\n\t\t\t\t<div class=\"nm-banner-content\">\r\n\t\t\t\t\t<div class=\"nm-banner-content-inner h_left v_center align_left\">\r\n\t\t\t\t\t\t<div class=\"nm-banner-text medium\" style=\"max-width:50%; padding:0 0%;\">\r\n\t\t\t\t\t\t\t<div class=\"nm-banner-text-inner animated\" data-animate=\"fadeIn\"><h1 class=\"nm-banner-title\">The story behind Ondari Ogega's captivating photo<\/h1><a href=\"https:\/\/diraj.org\/stories\/photojournalist-ondari-ogega-on-his-headlining-image-creating-impact-and-connecting-with-the-story\/\" class=\"nm-banner-link nm-banner-shop-link type-txt\">Check it out<\/a><\/div>\r\n\t\t\t\t\t\t<\/div>\r\n\t\t\t\t\t<\/div>\r\n\t\t\t\t<\/div>\r\n\t\t\t<\/div>\r\n\t\t\t<div class=\"nm-banner content-boxed full-width-parent image-type-fluid has-alt-image text-color-dark subtitle-below alt-mobile-layout\" style=\"\"><img decoding=\"async\" src=\"https:\/\/diraj.org\/wp-content\/uploads\/2020\/04\/banner-arialforest.jpg\" alt=\"banner-arialforest\" \/><img decoding=\"async\" src=\"https:\/\/diraj.org\/wp-content\/uploads\/bantab-arialforest.jpg\" class=\"nm-banner-alt-image img\" alt=\"\" \/>\r\n\t\t\t\t<div class=\"nm-banner-content\">\r\n\t\t\t\t\t<div class=\"nm-banner-content-inner h_left v_center align_left\">\r\n\t\t\t\t\t\t<div class=\"nm-banner-text medium\" style=\"max-width:50%; padding:0 0%;\">\r\n\t\t\t\t\t\t\t<div class=\"nm-banner-text-inner animated\" data-animate=\"fadeIn\"><h1 class=\"nm-banner-title\">We've gathered recommended resources for journalists working on DRR<\/h1><a href=\"https:\/\/diraj.org\/resources\/\" class=\"nm-banner-link nm-banner-shop-link type-txt\">Check them out<\/a><\/div>\r\n\t\t\t\t\t\t<\/div>\r\n\t\t\t\t\t<\/div>\r\n\t\t\t\t<\/div>\r\n\t\t\t<\/div><\/div>[\/vc_column][\/vc_row][vc_row][vc_column][vc_empty_space height=\u00a0\u00bb80&Prime;][\/vc_column][\/vc_row][vc_row type=\u00a0\u00bbboxed\u00a0\u00bb][vc_column width=\u00a0\u00bb1\/4&Prime; offset=\u00a0\u00bbvc_col-sm-offset-1&Prime;][vc_column_text]<\/p>\n<h4>Qui sommes nous<\/h4>\n<p>[\/vc_column_text][vc_empty_space height=\u00a0\u00bb17px\u00a0\u00bb][\/vc_column][vc_column width=\u00a0\u00bb7\/12&Prime;][vc_column_text el_class=\u00a0\u00bblarger-text\u00a0\u00bb]<br \/>\n<span style=\"font-weight: 400;\">DIRAJ est une association de journalistes et de communicants, travaillant sur les questions de r\u00e9duction des risques de catastrophe, le changement climatique et le d\u00e9veloppement en Afrique et dans le reste du monde.<\/span><br \/>\n[\/vc_column_text][vc_empty_space height=\u00a0\u00bb17px\u00a0\u00bb]\r\n\t\t\t<div class=\"nm_btn_align_right\">\r\n\t\t\t\t<a href=\"https:\/\/diraj.org\/fr\/a-propos-de-nous\/\" class=\"nm_btn nm_btn_sm nm_btn_filled\" title=\"\u00c0 propos de nous\">\r\n\t\t\t\t\t<span class=\"nm_btn_title\">Tout savoir sur DIRAJ<\/span>\r\n\t\t\t\t\t<span class=\"nm_btn_bg\"><\/span>\r\n\t\t\t\t<\/a>\r\n\t\t\t<\/div>[\/vc_column][\/vc_row][vc_row][vc_column][vc_empty_space height=\u00a0\u00bb80&Prime;][\/vc_column][\/vc_row][vc_row type=\u00a0\u00bbboxed\u00a0\u00bb][vc_column width=\u00a0\u00bb1\/4&Prime; offset=\u00a0\u00bbvc_col-sm-offset-1&Prime;][vc_column_text]<\/p>\n<h4>Les derni\u00e8res nouvelles<\/h4>\n<p>[\/vc_column_text][vc_empty_space height=\u00a0\u00bb17px\u00a0\u00bb][\/vc_column][vc_column width=\u00a0\u00bb7\/12&Prime;]        <div class=\"nm-posts nm-blog-grid\">\r\n            <ul class=\"xsmall-block-grid-1 small-block-grid-1 medium-block-grid-2 large-block-grid-3\">\r\n                            <li class=\"post-4244 post type-post status-publish format-standard has-post-thumbnail hentry category-inondation region-afrique country-dr-congo-fr association-environews-rdc-fr storytype-reportage-fr\">\r\n                                        <div class=\"nm-post-thumbnail\">\r\n                        <a href=\"https:\/\/diraj.org\/fr\/stories\/quand-on-seme-les-dechets-avec-joie-on-recolte-les-inondations-avec-pleurs\/\">\r\n                            <img loading=\"lazy\" decoding=\"async\" width=\"1200\" height=\"800\" src=\"https:\/\/diraj.org\/wp-content\/uploads\/Alfie-2.0.png\" class=\"attachment- size- wp-post-image\" alt=\"\" srcset=\"https:\/\/diraj.org\/wp-content\/uploads\/Alfie-2.0.png 1200w, https:\/\/diraj.org\/wp-content\/uploads\/Alfie-2.0-300x200.png 300w, https:\/\/diraj.org\/wp-content\/uploads\/Alfie-2.0-1024x683.png 1024w, https:\/\/diraj.org\/wp-content\/uploads\/Alfie-2.0-150x100.png 150w, https:\/\/diraj.org\/wp-content\/uploads\/Alfie-2.0-768x512.png 768w\" sizes=\"auto, (max-width: 1200px) 100vw, 1200px\" \/>                            <div class=\"nm-image-overlay\"><\/div>\r\n                        <\/a>\r\n                    <\/div>\r\n                                        \r\n                    <div class=\"nm-post-meta\">\r\n                        <span>05\/01\/2023<\/span>\r\n                    <\/div>\r\n                    \r\n                    <h2 class=\"nm-post-title\"><a href=\"https:\/\/diraj.org\/fr\/stories\/quand-on-seme-les-dechets-avec-joie-on-recolte-les-inondations-avec-pleurs\/\">Quand on s\u00e8me les d\u00e9chets avec joie, on r\u00e9colte les inondations avec pleurs<\/a><\/h2>\r\n                    <p>Reportage<\/p>                    \r\n                <\/li>\r\n                            <li class=\"post-4220 post type-post status-publish format-standard has-post-thumbnail hentry category-glf-2022 region-afrique country-dr-congo-fr storytype-resume-de-la-conference\">\r\n                                        <div class=\"nm-post-thumbnail\">\r\n                        <a href=\"https:\/\/diraj.org\/fr\/stories\/glf-africa-2022\/\">\r\n                            <img loading=\"lazy\" decoding=\"async\" width=\"1200\" height=\"800\" src=\"https:\/\/diraj.org\/wp-content\/uploads\/Allimentation-Afrique-.jpg\" class=\"attachment- size- wp-post-image\" alt=\"\" srcset=\"https:\/\/diraj.org\/wp-content\/uploads\/Allimentation-Afrique-.jpg 1200w, https:\/\/diraj.org\/wp-content\/uploads\/Allimentation-Afrique--300x200.jpg 300w, https:\/\/diraj.org\/wp-content\/uploads\/Allimentation-Afrique--1024x683.jpg 1024w, https:\/\/diraj.org\/wp-content\/uploads\/Allimentation-Afrique--150x100.jpg 150w, https:\/\/diraj.org\/wp-content\/uploads\/Allimentation-Afrique--768x512.jpg 768w\" sizes=\"auto, (max-width: 1200px) 100vw, 1200px\" \/>                            <div class=\"nm-image-overlay\"><\/div>\r\n                        <\/a>\r\n                    <\/div>\r\n                                        \r\n                    <div class=\"nm-post-meta\">\r\n                        <span>16\/09\/2022<\/span>\r\n                    <\/div>\r\n                    \r\n                    <h2 class=\"nm-post-title\"><a href=\"https:\/\/diraj.org\/fr\/stories\/glf-africa-2022\/\">GLF Africa 2022 : L\u2019Afrique r\u00e9fl\u00e9chit sur comment construire la r\u00e9silience pour le futur de l\u2019alimentation et du continent ?<\/a><\/h2>\r\n                    <p>R\u00e9sum\u00e9 de la conf\u00e9rence<\/p>                    \r\n                <\/li>\r\n                            <li class=\"post-3963 post type-post status-publish format-standard has-post-thumbnail hentry category-alerte-precoce category-inondation region-afrique country-malawi-fr storytype-reportage-fr\">\r\n                                        <div class=\"nm-post-thumbnail\">\r\n                        <a href=\"https:\/\/diraj.org\/fr\/stories\/malawi-un-nouveau-systeme-dalerte-precoce-pour-reduire-les-mortalites-et-les-pertes\/\">\r\n                            <img loading=\"lazy\" decoding=\"async\" width=\"1200\" height=\"800\" src=\"https:\/\/diraj.org\/wp-content\/uploads\/Ondari-2.0.jpg\" class=\"attachment- size- wp-post-image\" alt=\"\" srcset=\"https:\/\/diraj.org\/wp-content\/uploads\/Ondari-2.0.jpg 1200w, https:\/\/diraj.org\/wp-content\/uploads\/Ondari-2.0-300x200.jpg 300w, https:\/\/diraj.org\/wp-content\/uploads\/Ondari-2.0-1024x683.jpg 1024w, https:\/\/diraj.org\/wp-content\/uploads\/Ondari-2.0-150x100.jpg 150w, https:\/\/diraj.org\/wp-content\/uploads\/Ondari-2.0-768x512.jpg 768w\" sizes=\"auto, (max-width: 1200px) 100vw, 1200px\" \/>                            <div class=\"nm-image-overlay\"><\/div>\r\n                        <\/a>\r\n                    <\/div>\r\n                                        \r\n                    <div class=\"nm-post-meta\">\r\n                        <span>19\/01\/2022<\/span>\r\n                    <\/div>\r\n                    \r\n                    <h2 class=\"nm-post-title\"><a href=\"https:\/\/diraj.org\/fr\/stories\/malawi-un-nouveau-systeme-dalerte-precoce-pour-reduire-les-mortalites-et-les-pertes\/\">Malawi: Un nouveau syst\u00e8me d&rsquo;alerte pr\u00e9coce pour r\u00e9duire les mortalit\u00e9s et les pertes<\/a><\/h2>\r\n                    <p>Reportage<\/p>                    \r\n                <\/li>\r\n                        <\/ul>\r\n        <\/div>\r\n        [\/vc_column][\/vc_row][vc_row][vc_column][vc_empty_space height=\u00a0\u00bb120&Prime;][\/vc_column][\/vc_row][vc_row type=\u00a0\u00bbboxed\u00a0\u00bb][vc_column width=\u00a0\u00bb1\/4&Prime; offset=\u00a0\u00bbvc_col-sm-offset-1&Prime;][vc_column_text]<\/p>\n<h4>Sources disponibles<\/h4>\n<p>[\/vc_column_text][vc_empty_space height=\u00a0\u00bb17px\u00a0\u00bb][\/vc_column][vc_column width=\u00a0\u00bb7\/12&Prime;]<div class=\"nm-resources-wrap\">\r\n\r\n<div class=\"nm-resources layout-standard packery-enabled no-categories\">\r\n    \r\n    <ul class=\"nm-resources-grid small-block-grid-1 medium-block-grid-2 large-block-grid-3 nm-loader\">\r\n<li class=\"news-service \">\r\n    <a href=\"https:\/\/diraj.org\/fr\/resources\/prevention-web\/\">\r\n        <div class=\"nm-resources-item-image\">\r\n            <img decoding=\"async\" src=\"https:\/\/diraj.org\/wp-content\/uploads\/PWP.jpg\" \/><div class=\"nm-image-overlay\"><\/div>        <\/div>\r\n\r\n        <div class=\"nm-resources-item-details text-color-gray\">\r\n            <h2>PreventionWeb<\/h2>            <p>News Service by UNDRR<\/p>\r\n        <\/div>\r\n    <\/a>\r\n<\/li>\r\n\r\n<li class=\"training \">\r\n    <a href=\"https:\/\/diraj.org\/fr\/resources\/journalism-now\/\">\r\n        <div class=\"nm-resources-item-image\">\r\n            <img decoding=\"async\" src=\"https:\/\/diraj.org\/wp-content\/uploads\/res_006_tf.jpg\" \/><div class=\"nm-image-overlay\"><\/div>        <\/div>\r\n\r\n        <div class=\"nm-resources-item-details text-color-gray\">\r\n            <h2>Journalism Now<\/h2>            <p>Tips, Tools &amp; Training by Thomson Foundation<\/p>\r\n        <\/div>\r\n    <\/a>\r\n<\/li>\r\n\r\n<li class=\"training \">\r\n    <a href=\"https:\/\/diraj.org\/fr\/resources\/ifad-communications-toolkit\/\">\r\n        <div class=\"nm-resources-item-image\">\r\n            <img decoding=\"async\" src=\"https:\/\/diraj.org\/wp-content\/uploads\/res_027_ifadcomms.jpg\" \/><div class=\"nm-image-overlay\"><\/div>        <\/div>\r\n\r\n        <div class=\"nm-resources-item-details text-color-gray\">\r\n            <h2>IFAD Communications Toolkit<\/h2>            <p>Tips, Tools &amp; Training by IFAD<\/p>\r\n        <\/div>\r\n    <\/a>\r\n<\/li>\r\n    <\/ul>\r\n<\/div>\r\n\r\n<\/div>[\/vc_column][\/vc_row]<\/p>\n","protected":false},"excerpt":{"rendered":"<p>[vc_row type=\u00a0\u00bbboxed\u00a0\u00bb max_width=\u00a0\u00bb1600&Prime; css=\u00a0\u00bb.vc_custom_1585849745331{padding-right: 0px !important;padding-left: 0px !important;}\u00a0\u00bb][vc_column css=\u00a0\u00bb.vc_custom_1439335914871{padding-right: 0px !important;padding-left: 0px !important;}\u00a0\u00bb][\/vc_column][\/vc_row][vc_row][vc_column][vc_empty_space height=\u00a0\u00bb80&Prime;][\/vc_column][\/vc_row][vc_row type=\u00a0\u00bbboxed\u00a0\u00bb][vc_column width=\u00a0\u00bb1\/4&Prime; offset=\u00a0\u00bbvc_col-sm-offset-1&Prime;][vc_column_text] Qui sommes nous [\/vc_column_text][vc_empty_space height=\u00a0\u00bb17px\u00a0\u00bb][\/vc_column][vc_column width=\u00a0\u00bb7\/12&Prime;][vc_column_text el_class=\u00a0\u00bblarger-text\u00a0\u00bb] DIRAJ est une association de journalistes et de communicants, travaillant sur les questions de r\u00e9duction des risques de catastrophe, le changement climatique et le d\u00e9veloppement en Afrique et dans le reste &hellip;<\/p>\n","protected":false},"author":2,"featured_media":0,"parent":0,"menu_order":0,"comment_status":"closed","ping_status":"closed","template":"templates\/page-full.php","meta":{"_acf_changed":false,"footnotes":""},"class_list":["post-2286","page","type-page","status-publish","hentry"],"acf":[],"yoast_head":"<!-- This site is optimized with the Yoast SEO plugin v27.3 - https:\/\/yoast.com\/product\/yoast-seo-wordpress\/ -->\n<title>Page d&#039;accueil - DIRAJ<\/title>\n<meta name=\"robots\" content=\"index, follow, max-snippet:-1, max-image-preview:large, max-video-preview:-1\" \/>\n<link rel=\"canonical\" href=\"https:\/\/diraj.org\/fr\/\" \/>\n<meta property=\"og:locale\" content=\"fr_FR\" \/>\n<meta property=\"og:type\" content=\"article\" \/>\n<meta property=\"og:title\" content=\"Page d&#039;accueil - DIRAJ\" \/>\n<meta property=\"og:description\" content=\"[vc_row type=\u00a0\u00bbboxed\u00a0\u00bb max_width=\u00a0\u00bb1600&Prime; css=\u00a0\u00bb.vc_custom_1585849745331{padding-right: 0px !important;padding-left: 0px !important;}\u00a0\u00bb][vc_column css=\u00a0\u00bb.vc_custom_1439335914871{padding-right: 0px !important;padding-left: 0px !important;}\u00a0\u00bb][\/vc_column][\/vc_row][vc_row][vc_column][vc_empty_space height=\u00a0\u00bb80&Prime;][\/vc_column][\/vc_row][vc_row type=\u00a0\u00bbboxed\u00a0\u00bb][vc_column width=\u00a0\u00bb1\/4&Prime; offset=\u00a0\u00bbvc_col-sm-offset-1&Prime;][vc_column_text] Qui sommes nous [\/vc_column_text][vc_empty_space height=\u00a0\u00bb17px\u00a0\u00bb][\/vc_column][vc_column width=\u00a0\u00bb7\/12&Prime;][vc_column_text el_class=\u00a0\u00bblarger-text\u00a0\u00bb] DIRAJ est une association de journalistes et de communicants, travaillant sur les questions de r\u00e9duction des risques de catastrophe, le changement climatique et le d\u00e9veloppement en Afrique et dans le reste &hellip;\" \/>\n<meta property=\"og:url\" content=\"https:\/\/diraj.org\/fr\/\" \/>\n<meta property=\"og:site_name\" content=\"DIRAJ\" \/>\n<meta property=\"article:modified_time\" content=\"2020-12-02T12:09:49+00:00\" \/>\n<meta name=\"twitter:card\" content=\"summary_large_image\" \/>\n<meta name=\"twitter:site\" content=\"@dirajafrica\" \/>\n<meta name=\"twitter:label1\" content=\"Dur\u00e9e de lecture estim\u00e9e\" \/>\n\t<meta name=\"twitter:data1\" content=\"3 minutes\" \/>\n<script type=\"application\/ld+json\" class=\"yoast-schema-graph\">{\"@context\":\"https:\\\/\\\/schema.org\",\"@graph\":[{\"@type\":\"WebPage\",\"@id\":\"https:\\\/\\\/diraj.org\\\/fr\\\/\",\"url\":\"https:\\\/\\\/diraj.org\\\/fr\\\/\",\"name\":\"Page d'accueil - DIRAJ\",\"isPartOf\":{\"@id\":\"https:\\\/\\\/diraj.org\\\/fr\\\/#website\"},\"datePublished\":\"2020-07-03T17:02:46+00:00\",\"dateModified\":\"2020-12-02T12:09:49+00:00\",\"breadcrumb\":{\"@id\":\"https:\\\/\\\/diraj.org\\\/fr\\\/#breadcrumb\"},\"inLanguage\":\"fr-FR\",\"potentialAction\":[{\"@type\":\"ReadAction\",\"target\":[\"https:\\\/\\\/diraj.org\\\/fr\\\/\"]}]},{\"@type\":\"BreadcrumbList\",\"@id\":\"https:\\\/\\\/diraj.org\\\/fr\\\/#breadcrumb\",\"itemListElement\":[{\"@type\":\"ListItem\",\"position\":1,\"name\":\"Home\",\"item\":\"https:\\\/\\\/diraj.org\\\/fr\\\/\"},{\"@type\":\"ListItem\",\"position\":2,\"name\":\"Page d&rsquo;accueil\"}]},{\"@type\":\"WebSite\",\"@id\":\"https:\\\/\\\/diraj.org\\\/fr\\\/#website\",\"url\":\"https:\\\/\\\/diraj.org\\\/fr\\\/\",\"name\":\"DIRAJ\",\"description\":\"R\u00e9seau de journalistes pour la r\u00e9duction des risques de catastrophes\",\"publisher\":{\"@id\":\"https:\\\/\\\/diraj.org\\\/fr\\\/#organization\"},\"potentialAction\":[{\"@type\":\"SearchAction\",\"target\":{\"@type\":\"EntryPoint\",\"urlTemplate\":\"https:\\\/\\\/diraj.org\\\/fr\\\/?s={search_term_string}\"},\"query-input\":{\"@type\":\"PropertyValueSpecification\",\"valueRequired\":true,\"valueName\":\"search_term_string\"}}],\"inLanguage\":\"fr-FR\"},{\"@type\":\"Organization\",\"@id\":\"https:\\\/\\\/diraj.org\\\/fr\\\/#organization\",\"name\":\"DIRAJ\",\"url\":\"https:\\\/\\\/diraj.org\\\/fr\\\/\",\"logo\":{\"@type\":\"ImageObject\",\"inLanguage\":\"fr-FR\",\"@id\":\"https:\\\/\\\/diraj.org\\\/fr\\\/#\\\/schema\\\/logo\\\/image\\\/\",\"url\":\"https:\\\/\\\/diraj.org\\\/wp-content\\\/uploads\\\/twitter-profile.png\",\"contentUrl\":\"https:\\\/\\\/diraj.org\\\/wp-content\\\/uploads\\\/twitter-profile.png\",\"width\":400,\"height\":400,\"caption\":\"DIRAJ\"},\"image\":{\"@id\":\"https:\\\/\\\/diraj.org\\\/fr\\\/#\\\/schema\\\/logo\\\/image\\\/\"},\"sameAs\":[\"https:\\\/\\\/x.com\\\/dirajafrica\"]}]}<\/script>\n<!-- \/ Yoast SEO plugin. -->","yoast_head_json":{"title":"Page d'accueil - DIRAJ","robots":{"index":"index","follow":"follow","max-snippet":"max-snippet:-1","max-image-preview":"max-image-preview:large","max-video-preview":"max-video-preview:-1"},"canonical":"https:\/\/diraj.org\/fr\/","og_locale":"fr_FR","og_type":"article","og_title":"Page d'accueil - DIRAJ","og_description":"[vc_row type=\u00a0\u00bbboxed\u00a0\u00bb max_width=\u00a0\u00bb1600&Prime; css=\u00a0\u00bb.vc_custom_1585849745331{padding-right: 0px !important;padding-left: 0px !important;}\u00a0\u00bb][vc_column css=\u00a0\u00bb.vc_custom_1439335914871{padding-right: 0px !important;padding-left: 0px !important;}\u00a0\u00bb][\/vc_column][\/vc_row][vc_row][vc_column][vc_empty_space height=\u00a0\u00bb80&Prime;][\/vc_column][\/vc_row][vc_row type=\u00a0\u00bbboxed\u00a0\u00bb][vc_column width=\u00a0\u00bb1\/4&Prime; offset=\u00a0\u00bbvc_col-sm-offset-1&Prime;][vc_column_text] Qui sommes nous [\/vc_column_text][vc_empty_space height=\u00a0\u00bb17px\u00a0\u00bb][\/vc_column][vc_column width=\u00a0\u00bb7\/12&Prime;][vc_column_text el_class=\u00a0\u00bblarger-text\u00a0\u00bb] DIRAJ est une association de journalistes et de communicants, travaillant sur les questions de r\u00e9duction des risques de catastrophe, le changement climatique et le d\u00e9veloppement en Afrique et dans le reste &hellip;","og_url":"https:\/\/diraj.org\/fr\/","og_site_name":"DIRAJ","article_modified_time":"2020-12-02T12:09:49+00:00","twitter_card":"summary_large_image","twitter_site":"@dirajafrica","twitter_misc":{"Dur\u00e9e de lecture estim\u00e9e":"3 minutes"},"schema":{"@context":"https:\/\/schema.org","@graph":[{"@type":"WebPage","@id":"https:\/\/diraj.org\/fr\/","url":"https:\/\/diraj.org\/fr\/","name":"Page d'accueil - DIRAJ","isPartOf":{"@id":"https:\/\/diraj.org\/fr\/#website"},"datePublished":"2020-07-03T17:02:46+00:00","dateModified":"2020-12-02T12:09:49+00:00","breadcrumb":{"@id":"https:\/\/diraj.org\/fr\/#breadcrumb"},"inLanguage":"fr-FR","potentialAction":[{"@type":"ReadAction","target":["https:\/\/diraj.org\/fr\/"]}]},{"@type":"BreadcrumbList","@id":"https:\/\/diraj.org\/fr\/#breadcrumb","itemListElement":[{"@type":"ListItem","position":1,"name":"Home","item":"https:\/\/diraj.org\/fr\/"},{"@type":"ListItem","position":2,"name":"Page d&rsquo;accueil"}]},{"@type":"WebSite","@id":"https:\/\/diraj.org\/fr\/#website","url":"https:\/\/diraj.org\/fr\/","name":"DIRAJ","description":"R\u00e9seau de journalistes pour la r\u00e9duction des risques de catastrophes","publisher":{"@id":"https:\/\/diraj.org\/fr\/#organization"},"potentialAction":[{"@type":"SearchAction","target":{"@type":"EntryPoint","urlTemplate":"https:\/\/diraj.org\/fr\/?s={search_term_string}"},"query-input":{"@type":"PropertyValueSpecification","valueRequired":true,"valueName":"search_term_string"}}],"inLanguage":"fr-FR"},{"@type":"Organization","@id":"https:\/\/diraj.org\/fr\/#organization","name":"DIRAJ","url":"https:\/\/diraj.org\/fr\/","logo":{"@type":"ImageObject","inLanguage":"fr-FR","@id":"https:\/\/diraj.org\/fr\/#\/schema\/logo\/image\/","url":"https:\/\/diraj.org\/wp-content\/uploads\/twitter-profile.png","contentUrl":"https:\/\/diraj.org\/wp-content\/uploads\/twitter-profile.png","width":400,"height":400,"caption":"DIRAJ"},"image":{"@id":"https:\/\/diraj.org\/fr\/#\/schema\/logo\/image\/"},"sameAs":["https:\/\/x.com\/dirajafrica"]}]}},"_links":{"self":[{"href":"https:\/\/diraj.org\/fr\/wp-json\/wp\/v2\/pages\/2286","targetHints":{"allow":["GET"]}}],"collection":[{"href":"https:\/\/diraj.org\/fr\/wp-json\/wp\/v2\/pages"}],"about":[{"href":"https:\/\/diraj.org\/fr\/wp-json\/wp\/v2\/types\/page"}],"author":[{"embeddable":true,"href":"https:\/\/diraj.org\/fr\/wp-json\/wp\/v2\/users\/2"}],"replies":[{"embeddable":true,"href":"https:\/\/diraj.org\/fr\/wp-json\/wp\/v2\/comments?post=2286"}],"version-history":[{"count":5,"href":"https:\/\/diraj.org\/fr\/wp-json\/wp\/v2\/pages\/2286\/revisions"}],"predecessor-version":[{"id":2384,"href":"https:\/\/diraj.org\/fr\/wp-json\/wp\/v2\/pages\/2286\/revisions\/2384"}],"wp:attachment":[{"href":"https:\/\/diraj.org\/fr\/wp-json\/wp\/v2\/media?parent=2286"}],"curies":[{"name":"wp","href":"https:\/\/api.w.org\/{rel}","templated":true}]}}