{"id":2277,"date":"2020-07-03T14:35:37","date_gmt":"2020-07-03T14:35:37","guid":{"rendered":"https:\/\/diraj.org\/a-propos-de-nous\/"},"modified":"2020-07-03T14:35:41","modified_gmt":"2020-07-03T14:35:41","slug":"a-propos-de-nous","status":"publish","type":"page","link":"https:\/\/diraj.org\/fr\/a-propos-de-nous\/","title":{"rendered":"\u00c0 propos de nous"},"content":{"rendered":"<p>[vc_row type=\u00a0\u00bbboxed\u00a0\u00bb max_width=\u00a0\u00bb1600&Prime;][vc_column]<div class=\"nm-banner-slider plugin-slick pagination-color-gray slick-slider slick-dots-disabled\" >\r\n\t\t\t<div class=\"nm-banner content-boxed full-width-parent image-type-fluid text-color-dark subtitle-below\" style=\"\"><img decoding=\"async\" src=\"https:\/\/diraj.org\/wp-content\/uploads\/2020\/04\/banner-about.jpg\" alt=\"banner-about\" \/>\r\n\t\t\t\t<div class=\"nm-banner-content\">\r\n\t\t\t\t\t<div class=\"nm-banner-content-inner h_left v_center align_left\">\r\n\t\t\t\t\t\t<div class=\"nm-banner-text xlarge\" style=\"max-width:75%; padding:0 0%;\">\r\n\t\t\t\t\t\t\t<div class=\"nm-banner-text-inner\"><h1 class=\"nm-banner-title\">Nous sommes le r\u00e9seau de journalistes pour la r\u00e9duction des risques de catastrophes<\/h1><\/div>\r\n\t\t\t\t\t\t<\/div>\r\n\t\t\t\t\t<\/div>\r\n\t\t\t\t<\/div>\r\n\t\t\t<\/div><\/div>[\/vc_column][\/vc_row][vc_row][vc_column][vc_empty_space height=\u00a0\u00bb60&Prime;][\/vc_column][\/vc_row][vc_row type=\u00a0\u00bbboxed\u00a0\u00bb][vc_column width=\u00a0\u00bb1\/4&Prime; offset=\u00a0\u00bbvc_col-sm-offset-1&Prime;][vc_column_text]<\/p>\n<h4>Qui sommes nous<\/h4>\n<p>[\/vc_column_text][vc_empty_space height=\u00a0\u00bb17px\u00a0\u00bb][\/vc_column][vc_column width=\u00a0\u00bb7\/12&Prime;][vc_column_text]DIRAJ est une association de journalistes et de communicants, travaillant sur les questions de r\u00e9duction des risques de catastrophe, le changement climatique et le d\u00e9veloppement en Afrique et dans le reste du monde.<br \/>\n[\/vc_column_text][\/vc_column][\/vc_row][vc_row][vc_column][vc_empty_space height=\u00a0\u00bb60&Prime;][\/vc_column][\/vc_row][vc_row type=\u00a0\u00bbboxed\u00a0\u00bb][vc_column width=\u00a0\u00bb1\/4&Prime; offset=\u00a0\u00bbvc_col-sm-offset-1&Prime;][vc_column_text]<\/p>\n<h4>Contactez-nous<\/h4>\n<p>[\/vc_column_text][vc_empty_space height=\u00a0\u00bb17px\u00a0\u00bb][\/vc_column][vc_column width=\u00a0\u00bb7\/12&Prime;][vc_column_text]Telephone: +254.20.440.3476<br \/>\n<a href=\"mailto:david.owino@diraj.org\">david.owino@diraj.org<\/a><\/p>\n<p>Gate 12, Muchai Drive, 47321 -00100, Nairobi, Kenya[\/vc_column_text][\/vc_column][\/vc_row][vc_row][vc_column][vc_empty_space height=\u00a0\u00bb60&Prime;][\/vc_column][\/vc_row][vc_row type=\u00a0\u00bbboxed\u00a0\u00bb][vc_column width=\u00a0\u00bb1\/4&Prime; offset=\u00a0\u00bbvc_col-sm-offset-1&Prime;][vc_column_text]<\/p>\n<h4>Nous offrons une perspective unique<\/h4>\n<p>[\/vc_column_text][vc_empty_space height=\u00a0\u00bb17px\u00a0\u00bb][\/vc_column][vc_column width=\u00a0\u00bb7\/12&Prime;][vc_column_text]Une histoire racont\u00e9e par DIRAJ est distincte d&rsquo;une information g\u00e9n\u00e9rale. Nous racontons l&rsquo;histoire, mais aussi comment l&rsquo;histoire est racont\u00e9e, et les d\u00e9fis rencontr\u00e9s par les journalistes qui les ont \u00e9crites. Nous offrons un aper\u00e7u de la vie des journalistes qui rendent compte des catastrophes dans une perspective de r\u00e9duction des risques de catastrophe (RRC). Nous fournissons un aper\u00e7u des d\u00e9fis auxquels sont confront\u00e9s les journalistes en Afrique, ainsi que des ressources et des opportunit\u00e9s qui, esp\u00e9rons-le, aideront les journalistes \u00e0 am\u00e9liorer leurs comp\u00e9tences en mati\u00e8re de reportage et \u00e0 \u00e9largir leur audience.[\/vc_column_text][\/vc_column][\/vc_row][vc_row][vc_column][vc_empty_space height=\u00a0\u00bb60&Prime;][\/vc_column][\/vc_row][vc_row type=\u00a0\u00bbboxed\u00a0\u00bb][vc_column width=\u00a0\u00bb1\/4&Prime; offset=\u00a0\u00bbvc_col-sm-offset-1&Prime;][vc_column_text]<\/p>\n<h4>Nos valeurs<\/h4>\n<p>[\/vc_column_text][vc_empty_space height=\u00a0\u00bb17px\u00a0\u00bb][\/vc_column][vc_column width=\u00a0\u00bb7\/12&Prime;][vc_column_text]<strong>Solutions<\/strong>. Nos histoires mettent l&rsquo;accent sur les solutions &#8211; les mesures positives qui aideront \u00e0 b\u00e2tir des collectivit\u00e9s plus r\u00e9silientes et \u00e0 sauver plus de vies \u00e0 l&rsquo;avenir.<\/p>\n<p><strong>Sources<\/strong>. Nous donnons une voix aux  personnes les plus touch\u00e9es par les catastrophes. De plus, nous citons des donn\u00e9es pr\u00e9cises fournies par les meilleurs experts internationaux, r\u00e9gionaux et nationaux.<\/p>\n<p><strong>Contexte<\/strong>. Nous cherchons \u00e0 comprendre le contexte des catastrophes,  pourquoi elles se sont produites, ce qui peut \u00eatre fait pour les emp\u00eacher de se reproduire et de quelle mani\u00e8re elles sont reli\u00e9es \u00e0 des probl\u00e8mes mondiaux tels que la crise climatique.<\/p>\n<p><strong>Journalistes<\/strong>. Nous citons leurs reportages. Nous les interviewons. Nous consid\u00e9rons leurs exp\u00e9riences. Nous partageons leurs connaissances. Nous sommes nous-m\u00eames journalistes et nous sommes unis \u00e0 la communaut\u00e9 des journalistes.<\/p>\n<p><strong>Education<\/strong>. Nous proposons un certain nombre d&rsquo;outils de formation et de s\u00e9minaires pour aider les journalistes \u00e0 mieux rendre compte de la pr\u00e9vention et de la r\u00e9silience.[\/vc_column_text][\/vc_column][\/vc_row][vc_row][vc_column][vc_empty_space height=\u00a0\u00bb60&Prime;][\/vc_column][\/vc_row]<\/p>\n","protected":false},"excerpt":{"rendered":"<p>[vc_row type=\u00a0\u00bbboxed\u00a0\u00bb max_width=\u00a0\u00bb1600&Prime;][vc_column][\/vc_column][\/vc_row][vc_row][vc_column][vc_empty_space height=\u00a0\u00bb60&Prime;][\/vc_column][\/vc_row][vc_row type=\u00a0\u00bbboxed\u00a0\u00bb][vc_column width=\u00a0\u00bb1\/4&Prime; offset=\u00a0\u00bbvc_col-sm-offset-1&Prime;][vc_column_text] Qui sommes nous [\/vc_column_text][vc_empty_space height=\u00a0\u00bb17px\u00a0\u00bb][\/vc_column][vc_column width=\u00a0\u00bb7\/12&Prime;][vc_column_text]DIRAJ est une association de journalistes et de communicants, travaillant sur les questions de r\u00e9duction des risques de catastrophe, le changement climatique et le d\u00e9veloppement en Afrique et dans le reste du monde. [\/vc_column_text][\/vc_column][\/vc_row][vc_row][vc_column][vc_empty_space height=\u00a0\u00bb60&Prime;][\/vc_column][\/vc_row][vc_row type=\u00a0\u00bbboxed\u00a0\u00bb][vc_column width=\u00a0\u00bb1\/4&Prime; offset=\u00a0\u00bbvc_col-sm-offset-1&Prime;][vc_column_text] Contactez-nous [\/vc_column_text][vc_empty_space height=\u00a0\u00bb17px\u00a0\u00bb][\/vc_column][vc_column width=\u00a0\u00bb7\/12&Prime;][vc_column_text]Telephone: +254.20.440.3476 &hellip;<\/p>\n","protected":false},"author":2,"featured_media":0,"parent":0,"menu_order":0,"comment_status":"closed","ping_status":"closed","template":"","meta":{"_acf_changed":false,"footnotes":""},"class_list":["post-2277","page","type-page","status-publish","hentry"],"acf":[],"yoast_head":"<!-- This site is optimized with the Yoast SEO plugin v27.3 - https:\/\/yoast.com\/product\/yoast-seo-wordpress\/ -->\n<title>\u00c0 propos de nous - DIRAJ<\/title>\n<meta name=\"robots\" content=\"index, follow, max-snippet:-1, max-image-preview:large, max-video-preview:-1\" \/>\n<link rel=\"canonical\" href=\"https:\/\/diraj.org\/fr\/a-propos-de-nous\/\" \/>\n<meta property=\"og:locale\" content=\"fr_FR\" \/>\n<meta property=\"og:type\" content=\"article\" \/>\n<meta property=\"og:title\" content=\"\u00c0 propos de nous - DIRAJ\" \/>\n<meta property=\"og:description\" content=\"[vc_row type=\u00a0\u00bbboxed\u00a0\u00bb max_width=\u00a0\u00bb1600&Prime;][vc_column][\/vc_column][\/vc_row][vc_row][vc_column][vc_empty_space height=\u00a0\u00bb60&Prime;][\/vc_column][\/vc_row][vc_row type=\u00a0\u00bbboxed\u00a0\u00bb][vc_column width=\u00a0\u00bb1\/4&Prime; offset=\u00a0\u00bbvc_col-sm-offset-1&Prime;][vc_column_text] Qui sommes nous [\/vc_column_text][vc_empty_space height=\u00a0\u00bb17px\u00a0\u00bb][\/vc_column][vc_column width=\u00a0\u00bb7\/12&Prime;][vc_column_text]DIRAJ est une association de journalistes et de communicants, travaillant sur les questions de r\u00e9duction des risques de catastrophe, le changement climatique et le d\u00e9veloppement en Afrique et dans le reste du monde. [\/vc_column_text][\/vc_column][\/vc_row][vc_row][vc_column][vc_empty_space height=\u00a0\u00bb60&Prime;][\/vc_column][\/vc_row][vc_row type=\u00a0\u00bbboxed\u00a0\u00bb][vc_column width=\u00a0\u00bb1\/4&Prime; offset=\u00a0\u00bbvc_col-sm-offset-1&Prime;][vc_column_text] Contactez-nous [\/vc_column_text][vc_empty_space height=\u00a0\u00bb17px\u00a0\u00bb][\/vc_column][vc_column width=\u00a0\u00bb7\/12&Prime;][vc_column_text]Telephone: +254.20.440.3476 &hellip;\" \/>\n<meta property=\"og:url\" content=\"https:\/\/diraj.org\/fr\/a-propos-de-nous\/\" \/>\n<meta property=\"og:site_name\" content=\"DIRAJ\" \/>\n<meta property=\"article:modified_time\" content=\"2020-07-03T14:35:41+00:00\" \/>\n<meta name=\"twitter:card\" content=\"summary_large_image\" \/>\n<meta name=\"twitter:site\" content=\"@dirajafrica\" \/>\n<meta name=\"twitter:label1\" content=\"Dur\u00e9e de lecture estim\u00e9e\" \/>\n\t<meta name=\"twitter:data1\" content=\"3 minutes\" \/>\n<script type=\"application\/ld+json\" class=\"yoast-schema-graph\">{\"@context\":\"https:\\\/\\\/schema.org\",\"@graph\":[{\"@type\":\"WebPage\",\"@id\":\"https:\\\/\\\/diraj.org\\\/fr\\\/a-propos-de-nous\\\/\",\"url\":\"https:\\\/\\\/diraj.org\\\/fr\\\/a-propos-de-nous\\\/\",\"name\":\"\u00c0 propos de nous - DIRAJ\",\"isPartOf\":{\"@id\":\"https:\\\/\\\/diraj.org\\\/fr\\\/#website\"},\"datePublished\":\"2020-07-03T14:35:37+00:00\",\"dateModified\":\"2020-07-03T14:35:41+00:00\",\"breadcrumb\":{\"@id\":\"https:\\\/\\\/diraj.org\\\/fr\\\/a-propos-de-nous\\\/#breadcrumb\"},\"inLanguage\":\"fr-FR\",\"potentialAction\":[{\"@type\":\"ReadAction\",\"target\":[\"https:\\\/\\\/diraj.org\\\/fr\\\/a-propos-de-nous\\\/\"]}]},{\"@type\":\"BreadcrumbList\",\"@id\":\"https:\\\/\\\/diraj.org\\\/fr\\\/a-propos-de-nous\\\/#breadcrumb\",\"itemListElement\":[{\"@type\":\"ListItem\",\"position\":1,\"name\":\"Home\",\"item\":\"https:\\\/\\\/diraj.org\\\/fr\\\/\"},{\"@type\":\"ListItem\",\"position\":2,\"name\":\"\u00c0 propos de nous\"}]},{\"@type\":\"WebSite\",\"@id\":\"https:\\\/\\\/diraj.org\\\/fr\\\/#website\",\"url\":\"https:\\\/\\\/diraj.org\\\/fr\\\/\",\"name\":\"DIRAJ\",\"description\":\"R\u00e9seau de journalistes pour la r\u00e9duction des risques de catastrophes\",\"publisher\":{\"@id\":\"https:\\\/\\\/diraj.org\\\/fr\\\/#organization\"},\"potentialAction\":[{\"@type\":\"SearchAction\",\"target\":{\"@type\":\"EntryPoint\",\"urlTemplate\":\"https:\\\/\\\/diraj.org\\\/fr\\\/?s={search_term_string}\"},\"query-input\":{\"@type\":\"PropertyValueSpecification\",\"valueRequired\":true,\"valueName\":\"search_term_string\"}}],\"inLanguage\":\"fr-FR\"},{\"@type\":\"Organization\",\"@id\":\"https:\\\/\\\/diraj.org\\\/fr\\\/#organization\",\"name\":\"DIRAJ\",\"url\":\"https:\\\/\\\/diraj.org\\\/fr\\\/\",\"logo\":{\"@type\":\"ImageObject\",\"inLanguage\":\"fr-FR\",\"@id\":\"https:\\\/\\\/diraj.org\\\/fr\\\/#\\\/schema\\\/logo\\\/image\\\/\",\"url\":\"https:\\\/\\\/diraj.org\\\/wp-content\\\/uploads\\\/twitter-profile.png\",\"contentUrl\":\"https:\\\/\\\/diraj.org\\\/wp-content\\\/uploads\\\/twitter-profile.png\",\"width\":400,\"height\":400,\"caption\":\"DIRAJ\"},\"image\":{\"@id\":\"https:\\\/\\\/diraj.org\\\/fr\\\/#\\\/schema\\\/logo\\\/image\\\/\"},\"sameAs\":[\"https:\\\/\\\/x.com\\\/dirajafrica\"]}]}<\/script>\n<!-- \/ Yoast SEO plugin. -->","yoast_head_json":{"title":"\u00c0 propos de nous - DIRAJ","robots":{"index":"index","follow":"follow","max-snippet":"max-snippet:-1","max-image-preview":"max-image-preview:large","max-video-preview":"max-video-preview:-1"},"canonical":"https:\/\/diraj.org\/fr\/a-propos-de-nous\/","og_locale":"fr_FR","og_type":"article","og_title":"\u00c0 propos de nous - DIRAJ","og_description":"[vc_row type=\u00a0\u00bbboxed\u00a0\u00bb max_width=\u00a0\u00bb1600&Prime;][vc_column][\/vc_column][\/vc_row][vc_row][vc_column][vc_empty_space height=\u00a0\u00bb60&Prime;][\/vc_column][\/vc_row][vc_row type=\u00a0\u00bbboxed\u00a0\u00bb][vc_column width=\u00a0\u00bb1\/4&Prime; offset=\u00a0\u00bbvc_col-sm-offset-1&Prime;][vc_column_text] Qui sommes nous [\/vc_column_text][vc_empty_space height=\u00a0\u00bb17px\u00a0\u00bb][\/vc_column][vc_column width=\u00a0\u00bb7\/12&Prime;][vc_column_text]DIRAJ est une association de journalistes et de communicants, travaillant sur les questions de r\u00e9duction des risques de catastrophe, le changement climatique et le d\u00e9veloppement en Afrique et dans le reste du monde. [\/vc_column_text][\/vc_column][\/vc_row][vc_row][vc_column][vc_empty_space height=\u00a0\u00bb60&Prime;][\/vc_column][\/vc_row][vc_row type=\u00a0\u00bbboxed\u00a0\u00bb][vc_column width=\u00a0\u00bb1\/4&Prime; offset=\u00a0\u00bbvc_col-sm-offset-1&Prime;][vc_column_text] Contactez-nous [\/vc_column_text][vc_empty_space height=\u00a0\u00bb17px\u00a0\u00bb][\/vc_column][vc_column width=\u00a0\u00bb7\/12&Prime;][vc_column_text]Telephone: +254.20.440.3476 &hellip;","og_url":"https:\/\/diraj.org\/fr\/a-propos-de-nous\/","og_site_name":"DIRAJ","article_modified_time":"2020-07-03T14:35:41+00:00","twitter_card":"summary_large_image","twitter_site":"@dirajafrica","twitter_misc":{"Dur\u00e9e de lecture estim\u00e9e":"3 minutes"},"schema":{"@context":"https:\/\/schema.org","@graph":[{"@type":"WebPage","@id":"https:\/\/diraj.org\/fr\/a-propos-de-nous\/","url":"https:\/\/diraj.org\/fr\/a-propos-de-nous\/","name":"\u00c0 propos de nous - DIRAJ","isPartOf":{"@id":"https:\/\/diraj.org\/fr\/#website"},"datePublished":"2020-07-03T14:35:37+00:00","dateModified":"2020-07-03T14:35:41+00:00","breadcrumb":{"@id":"https:\/\/diraj.org\/fr\/a-propos-de-nous\/#breadcrumb"},"inLanguage":"fr-FR","potentialAction":[{"@type":"ReadAction","target":["https:\/\/diraj.org\/fr\/a-propos-de-nous\/"]}]},{"@type":"BreadcrumbList","@id":"https:\/\/diraj.org\/fr\/a-propos-de-nous\/#breadcrumb","itemListElement":[{"@type":"ListItem","position":1,"name":"Home","item":"https:\/\/diraj.org\/fr\/"},{"@type":"ListItem","position":2,"name":"\u00c0 propos de nous"}]},{"@type":"WebSite","@id":"https:\/\/diraj.org\/fr\/#website","url":"https:\/\/diraj.org\/fr\/","name":"DIRAJ","description":"R\u00e9seau de journalistes pour la r\u00e9duction des risques de catastrophes","publisher":{"@id":"https:\/\/diraj.org\/fr\/#organization"},"potentialAction":[{"@type":"SearchAction","target":{"@type":"EntryPoint","urlTemplate":"https:\/\/diraj.org\/fr\/?s={search_term_string}"},"query-input":{"@type":"PropertyValueSpecification","valueRequired":true,"valueName":"search_term_string"}}],"inLanguage":"fr-FR"},{"@type":"Organization","@id":"https:\/\/diraj.org\/fr\/#organization","name":"DIRAJ","url":"https:\/\/diraj.org\/fr\/","logo":{"@type":"ImageObject","inLanguage":"fr-FR","@id":"https:\/\/diraj.org\/fr\/#\/schema\/logo\/image\/","url":"https:\/\/diraj.org\/wp-content\/uploads\/twitter-profile.png","contentUrl":"https:\/\/diraj.org\/wp-content\/uploads\/twitter-profile.png","width":400,"height":400,"caption":"DIRAJ"},"image":{"@id":"https:\/\/diraj.org\/fr\/#\/schema\/logo\/image\/"},"sameAs":["https:\/\/x.com\/dirajafrica"]}]}},"_links":{"self":[{"href":"https:\/\/diraj.org\/fr\/wp-json\/wp\/v2\/pages\/2277","targetHints":{"allow":["GET"]}}],"collection":[{"href":"https:\/\/diraj.org\/fr\/wp-json\/wp\/v2\/pages"}],"about":[{"href":"https:\/\/diraj.org\/fr\/wp-json\/wp\/v2\/types\/page"}],"author":[{"embeddable":true,"href":"https:\/\/diraj.org\/fr\/wp-json\/wp\/v2\/users\/2"}],"replies":[{"embeddable":true,"href":"https:\/\/diraj.org\/fr\/wp-json\/wp\/v2\/comments?post=2277"}],"version-history":[{"count":5,"href":"https:\/\/diraj.org\/fr\/wp-json\/wp\/v2\/pages\/2277\/revisions"}],"predecessor-version":[{"id":2282,"href":"https:\/\/diraj.org\/fr\/wp-json\/wp\/v2\/pages\/2277\/revisions\/2282"}],"wp:attachment":[{"href":"https:\/\/diraj.org\/fr\/wp-json\/wp\/v2\/media?parent=2277"}],"curies":[{"name":"wp","href":"https:\/\/api.w.org\/{rel}","templated":true}]}}